{"id":4373,"date":"2021-04-09T10:08:59","date_gmt":"2021-04-09T10:08:59","guid":{"rendered":"https:\/\/www.toptentours.eu\/?page_id=4373"},"modified":"2023-03-07T17:31:55","modified_gmt":"2023-03-07T17:31:55","slug":"home-pt","status":"publish","type":"page","link":"https:\/\/www.toptentours.eu\/pt-pt\/","title":{"rendered":"Home PT"},"content":{"rendered":"<div class=\"ppb_tour one withpadding \" >\n<div class=\"page_content_wrapper full_width\" style=\"text-align:center\">\n<h2 class=\"ppb_title\">Tours Privados em Portugal<\/h2>\n<div class=\"page_caption_desc\">Tours privados em Portugal<\/div>\n<div class=\"portfolio_filter_wrapper three_cols fullwidth shortcode gallery section content clearfix\">\n<div class=\"element portfolio3filter_wrapper\">\n<div class=\"one_third gallery3 filterable gallery_type animated1\"><a href=\"https:\/\/www.toptentours.eu\/pt-pt\/tours\/escala-em-lisboa\/\"><img src=\"https:\/\/www.toptentours.eu\/wp-content\/uploads\/2020\/09\/three-girls-taking-pictures-of-lisbon_bg-min-e1629040865982-560x460.jpeg\" alt=\"Lisbon Layover\" \/><\/p>\n<div class=\"thumb_content fullwidth \">\n<div class=\"thumb_title\">\n<h3>Escala Em Lisboa<\/h3>\n<\/p><\/div>\n<div class=\"thumb_meta\"><\/div>\n<\/div>\n<p><\/a><\/div>\n<\/div>\n<div class=\"element portfolio3filter_wrapper\">\n<div class=\"one_third gallery3 filterable gallery_type animated2\"><a href=\"https:\/\/www.toptentours.eu\/pt-pt\/tours\/sintra-cascais-e-cabo-roca\/\"><img src=\"https:\/\/www.toptentours.eu\/wp-content\/uploads\/2020\/09\/product-tour-of-sintra-cascais-cabo-roca-e1629042366770-560x460.jpeg\" alt=\"Lisbon tours to Sintra Pena Palace\" \/><\/p>\n<div class=\"thumb_content fullwidth \">\n<div class=\"thumb_title\">\n<h3>Sintra, Cascais e Cabo Roca<\/h3>\n<\/p><\/div>\n<div class=\"thumb_meta\"><\/div>\n<\/div>\n<p><\/a><\/div>\n<\/div>\n<div class=\"element portfolio3filter_wrapper\">\n<div class=\"one_third gallery3 filterable gallery_type animated3\"><a href=\"https:\/\/www.toptentours.eu\/pt-pt\/tours\/tour-a-fatima-batalha-nazare-obidos\/\"><img src=\"https:\/\/www.toptentours.eu\/wp-content\/uploads\/2021\/04\/Cover-fatima-batalha-obidos-nazare-tour-560x460.jpg\" alt=\"\" \/><\/p>\n<div class=\"thumb_content fullwidth \">\n<div class=\"thumb_title\">\n<h3>Tour a F\u00e1tima, Batalha, Nazar\u00e9, \u00d3bidos<\/h3>\n<\/p><\/div>\n<div class=\"thumb_meta\"><\/div>\n<\/div>\n<p><\/a><\/div>\n<\/div>\n<div class=\"element portfolio3filter_wrapper\">\n<div class=\"one_third gallery3 filterable gallery_type animated4\"><a href=\"https:\/\/www.toptentours.eu\/pt-pt\/tours\/conheca-lisboa\/\"><img src=\"https:\/\/www.toptentours.eu\/wp-content\/uploads\/2021\/03\/lisbon-atmosphere-cover-min-e1620585446706-560x460.jpg\" alt=\"Lisbon Tour man taking a picture to a window\" \/><\/p>\n<div class=\"thumb_content fullwidth \">\n<div class=\"thumb_title\">\n<h3>Conhe\u00e7a Lisboa<\/h3>\n<\/p><\/div>\n<div class=\"thumb_meta\"><\/div>\n<\/div>\n<p><\/a><\/div>\n<\/div>\n<div class=\"element portfolio3filter_wrapper\">\n<div class=\"one_third gallery3 filterable gallery_type animated5\"><a href=\"https:\/\/www.toptentours.eu\/pt-pt\/tours\/sintra-e-lisboa-para-navios-de-cruzeiro\/\"><img src=\"https:\/\/www.toptentours.eu\/wp-content\/uploads\/2021\/03\/Cruise-ship-docked-in-lisbon-cover-min-e1620584994296-560x460.jpeg\" alt=\"Lisbon tours cruise ship docked\" \/><\/p>\n<div class=\"thumb_content fullwidth \">\n<div class=\"thumb_title\">\n<h3>Sintra e Lisboa para Navios de Cruzeiro<\/h3>\n<\/p><\/div>\n<div class=\"thumb_meta\"><\/div>\n<\/div>\n<p><\/a><\/div>\n<\/div>\n<div class=\"element portfolio3filter_wrapper\">\n<div class=\"one_third gallery3 filterable gallery_type animated6\"><a href=\"https:\/\/www.toptentours.eu\/pt-pt\/tours\/maravilhas-de-sintra\/\"><img src=\"https:\/\/www.toptentours.eu\/wp-content\/uploads\/2021\/03\/wonders-of-sintra-cover-min-e1620585858551-560x460.jpg\" alt=\"Sintra Castle walls in tour sintra\" \/><\/p>\n<div class=\"thumb_content fullwidth \">\n<div class=\"thumb_title\">\n<h3>Maravilhas de Sintra<\/h3>\n<\/p><\/div>\n<div class=\"thumb_meta\"><\/div>\n<\/div>\n<p><\/a><\/div>\n<\/div>\n<div class=\"element portfolio3filter_wrapper\">\n<div class=\"one_third gallery3 filterable gallery_type animated7\"><a href=\"https:\/\/www.toptentours.eu\/pt-pt\/tours\/vinho-e-palacio-de-mafra\/\"><img src=\"https:\/\/www.toptentours.eu\/wp-content\/uploads\/2020\/10\/Wine-tasting-and-Mafra-Royal-Palace-tour-min-e1620586441317-560x460.jpg\" alt=\"Tour to Mafra, mafra palace\" \/><\/p>\n<div class=\"thumb_content fullwidth \">\n<div class=\"thumb_title\">\n<h3>Vinho e Pal\u00e1cio de Mafra<\/h3>\n<\/p><\/div>\n<div class=\"thumb_meta\"><\/div>\n<\/div>\n<p><\/a><\/div>\n<\/div>\n<div class=\"element portfolio3filter_wrapper\">\n<div class=\"one_third gallery3 filterable gallery_type animated8\"><a href=\"https:\/\/www.toptentours.eu\/pt-pt\/tours\/sinta-fatima\/\"><img src=\"https:\/\/www.toptentours.eu\/wp-content\/uploads\/2020\/09\/fatima-3886468_1920-min-e1620586678822-560x460.jpg\" alt=\"fatima tour shrine side panoramic\" \/><\/p>\n<div class=\"thumb_content fullwidth \">\n<div class=\"thumb_title\">\n<h3>Sinta F\u00e1tima!<\/h3>\n<\/p><\/div>\n<div class=\"thumb_meta\"><\/div>\n<\/div>\n<p><\/a><\/div>\n<\/div>\n<div class=\"element portfolio3filter_wrapper\">\n<div class=\"one_third gallery3 filterable gallery_type animated9\"><a href=\"https:\/\/www.toptentours.eu\/pt-pt\/tours\/seja-enologo-por-um-dia\/\"><img src=\"https:\/\/www.toptentours.eu\/wp-content\/uploads\/2021\/03\/be-a-winemaker-for-a-day-cover-min-e1620845172124-560x460.jpg\" alt=\"Table set to with empty wine glasses\" \/><\/p>\n<div class=\"thumb_content fullwidth \">\n<div class=\"thumb_title\">\n<h3>Seja En\u00f3logo Por Um Dia<\/h3>\n<\/p><\/div>\n<div class=\"thumb_meta\"><\/div>\n<\/div>\n<p><\/a><\/div>\n<\/div>\n<div class=\"element portfolio3filter_wrapper\">\n<div class=\"one_third gallery3 filterable gallery_type animated10\"><a href=\"https:\/\/www.toptentours.eu\/pt-pt\/tours\/azulejos-e-vinho-portugueses\/\"><img src=\"https:\/\/www.toptentours.eu\/wp-content\/uploads\/2020\/11\/porto-250419_1920-e1629907585799-560x460.jpg\" alt=\"Angels in tiles panel Portugal\" \/><\/p>\n<div class=\"thumb_content fullwidth \">\n<div class=\"thumb_title\">\n<h3>Azulejos e Vinho Portugueses<\/h3>\n<\/p><\/div>\n<div class=\"thumb_meta\"><\/div>\n<\/div>\n<p><\/a><\/div>\n<\/div>\n<div class=\"element portfolio3filter_wrapper\">\n<div class=\"one_third gallery3 filterable gallery_type animated11\"><a href=\"https:\/\/www.toptentours.eu\/pt-pt\/tours\/magnificas-evora-e-monsaraz\/\"><img src=\"https:\/\/www.toptentours.eu\/wp-content\/uploads\/2021\/04\/taking-pictures-evora-tour-560x460.jpg\" alt=\"people taking pictures\" \/><\/p>\n<div class=\"thumb_content fullwidth \">\n<div class=\"thumb_title\">\n<h3>Magnificas \u00c9vora e Monsaraz<\/h3>\n<\/p><\/div>\n<div class=\"thumb_meta\"><\/div>\n<\/div>\n<p><\/a><\/div>\n<\/div>\n<div class=\"element portfolio3filter_wrapper\">\n<div class=\"one_third gallery3 filterable gallery_type animated12\"><a href=\"https:\/\/www.toptentours.eu\/pt-pt\/tours\/tour-de-lisboa-e-por-do-sol-em-veleiro\/\"><img src=\"https:\/\/www.toptentours.eu\/wp-content\/uploads\/2021\/02\/cover-lisbon-tour-and-sunset-sailing-min-e1620761022430-560x460.jpg\" alt=\"People looking to the ocean Lisbon\" \/><\/p>\n<div class=\"thumb_content fullwidth \">\n<div class=\"thumb_title\">\n<h3>Tour de Lisboa e P\u00f4r do Sol em Veleiro<\/h3>\n<\/p><\/div>\n<div class=\"thumb_meta\"><\/div>\n<\/div>\n<p><\/a><\/div>\n<\/div>\n<div class=\"element portfolio3filter_wrapper\">\n<div class=\"one_third gallery3 filterable gallery_type animated13\"><a href=\"https:\/\/www.toptentours.eu\/pt-pt\/tours\/conheca-o-porto\/\"><img src=\"https:\/\/www.toptentours.eu\/wp-content\/uploads\/2021\/03\/porto-viewpoint-luis-bridge-cover-min-560x460.jpg\" alt=\"Luis bridge in Porto\" \/><\/p>\n<div class=\"thumb_content fullwidth \">\n<div class=\"thumb_title\">\n<h3>Conhe\u00e7a o Porto!<\/h3>\n<\/p><\/div>\n<div class=\"thumb_meta\"><\/div>\n<\/div>\n<p><\/a><\/div>\n<\/div>\n<div class=\"element portfolio3filter_wrapper\">\n<div class=\"one_third gallery3 filterable gallery_type animated14\"><a href=\"https:\/\/www.toptentours.eu\/pt-pt\/tours\/vale-do-douro-desde-o-porto\/\"><\/p>\n<div class=\"thumb_content fullwidth \">\n<div class=\"thumb_title\">\n<h3>Vale do Douro Desde o Porto<\/h3>\n<\/p><\/div>\n<div class=\"thumb_meta\"><\/div>\n<\/div>\n<p><\/a><\/div>\n<\/div>\n<div class=\"element portfolio3filter_wrapper\">\n<div class=\"one_third gallery3 filterable gallery_type animated15\"><a href=\"https:\/\/www.toptentours.eu\/pt-pt\/tours\/tours-por-medida-em-portugal\/\"><img src=\"https:\/\/www.toptentours.eu\/wp-content\/uploads\/2021\/03\/portugal-tours-1-min-e1621195930350-560x460.jpeg\" alt=\"Castle surrounded by water\" \/><\/p>\n<div class=\"thumb_content fullwidth \">\n<div class=\"thumb_title\">\n<h3>Tours Por Medida em Portugal<\/h3>\n<\/p><\/div>\n<div class=\"thumb_meta\"><\/div>\n<\/div>\n<p><\/a><\/div>\n<\/div>\n<\/div>\n<\/div>\n<\/div>\n<div class=\"one withsmallpadding \" >\n<div class=\"page_content_wrapper\" style=\"text-align:center\">\n<h2 class=\"ppb_title\">Avalia\u00e7\u00f5es sobre nossos tours privados<\/h2>\n<p><\/p>\n<div class=\"testimonial_slider_wrapper\">\n<div class=\"flexslider\" data-height=\"750\">\n<ul class=\"slides\">\n<li>\n<div class=\"testimonial_slider_wrapper\">\n<p style=\"text-align: center;\">\n<p style=\"text-align: center;\"><strong><img class=\"alignnone size-full wp-image-4097\" src=\"https:\/\/www.toptentours.eu\/wp-content\/uploads\/2014\/06\/Screenshot_2.jpg\" alt=\"\" width=\"76\" height=\"31\" \/> Grande dia em Sintra e Cascais com a TopTenTours<\/strong><\/p>\n<p style=\"text-align: center;\">Meu marido e eu acabamos de terminar um \u00f3timo passeio privado de um dia para Sintra saindo de Lisboa. Alex era um guia excelente &#8211; pontual, educado e f\u00e1cil de conversar. O tempo n\u00e3o estava bom para nossa viagem, ent\u00e3o Alex nos ajudou a descobrir planos alternativos para aproveitar ao m\u00e1ximo o dia. Gost\u00e1mos de aprender sobre &#8230;<\/p>\n<div class=\"testimonial_slider_meta\">\n<h6>Deena123 <\/h6>\n<p>&#8211;<\/p>\n<div class=\"testimonial_slider_meta_company\">Winston Salem, Carolina do Norte<\/div>\n<\/div>\n<\/div>\n<\/li>\n<li>\n<div class=\"testimonial_slider_wrapper\">\n<p style=\"text-align: center;\"><strong><img class=\"alignnone size-full wp-image-4097\" src=\"https:\/\/www.toptentours.eu\/wp-content\/uploads\/2014\/06\/Screenshot_2.jpg\" alt=\"\" width=\"76\" height=\"31\" \/>O caminho certo!<\/strong><\/p>\n<p style=\"text-align: center;\">Comunica\u00e7\u00e3o r\u00e1pida e eficiente com Maria por e-mail para agendamento de nossos passeios privados. Excelentes guias tur\u00edsticos Alex e Elisabeth conceberam os passeios privados escala desde o aeroporto a Lisboa e Sintra para personaliz\u00e1-los de acordo com os nossos interesses e a diversidade de idades do nosso grupo. Grande aproveitamento de tempo para ser pego no aeroporto &#8230;<\/p>\n<div class=\"testimonial_slider_meta\">\n<h6>orville w <\/h6>\n<p>&#8211;<\/p>\n<div class=\"testimonial_slider_meta_company\">Branson, Missouri<\/div>\n<\/div>\n<\/div>\n<\/li>\n<li>\n<div class=\"testimonial_slider_wrapper\">\n<p style=\"text-align: center;\"><strong> <img class=\"alignnone size-full wp-image-4097\" src=\"https:\/\/www.toptentours.eu\/wp-content\/uploads\/2014\/06\/Screenshot_2.jpg\" alt=\"\" width=\"76\" height=\"31\" \/>Maravilhosa Ag\u00eancia de Viagens &#8211; Altamente Recomendado!<\/strong><\/p>\n<p style=\"text-align: center;\">N\u00e3o podemos dizer coisas maravilhosas o suficiente sobre a TopTenTours! Tivemos necessidades muito espec\u00edficas ao longo de 3 dias, e eles ajustaram cada detalhe para n\u00f3s, para que v\u00edssemos muito mais do que poder\u00edamos ver por conta pr\u00f3pria. Maria foi \u00f3tima coordenando antes da viagem &#8230;<\/p>\n<div class=\"testimonial_slider_meta\">\n<h6>43CarolB Charlotte <\/h6>\n<p>&#8211;<\/p>\n<div class=\"testimonial_slider_meta_company\">Carolina do Norte<\/div>\n<\/div>\n<\/div>\n<\/li>\n<li>\n<div class=\"testimonial_slider_wrapper\">\n<p style=\"text-align: center;\"><strong><img class=\"alignnone size-full wp-image-4097\" src=\"https:\/\/www.toptentours.eu\/wp-content\/uploads\/2014\/06\/Screenshot_2.jpg\" alt=\"\" width=\"76\" height=\"31\" \/>Um guia verdardeiramente conhecedor de Lisboa<\/strong><\/p>\n<p style=\"text-align: center;\">O meu marido e eu pass\u00e1mos 4 dias em Lisboa no in\u00edcio de setembro e tivemos a sorte de ter como guia o Alex da TopTenTours. O Alex levou-nos para um tour privado de 1\/2 dia por Lisboa e Bel\u00e9m, e depois uma viagem de um dia inteiro a Sintra e Cascais (e um pouco de Bel\u00e9m que t\u00ednhamos perdido) \u2026<\/p>\n<div class=\"testimonial_slider_meta\">\n<h6>BoboChuChu <\/h6>\n<p>&#8211;<\/p>\n<div class=\"testimonial_slider_meta_company\">Vancouver, Canad\u00e1<\/div>\n<\/div>\n<\/div>\n<\/li>\n<li>\n<div class=\"testimonial_slider_wrapper\">\n<p style=\"text-align: center;\"><strong><img class=\"alignnone size-full wp-image-4097\" src=\"https:\/\/www.toptentours.eu\/wp-content\/uploads\/2014\/06\/Screenshot_2.jpg\" alt=\"\" width=\"76\" height=\"31\" \/> Top Ten Tours \u00e9 o &#8220;Top&#8221; nesta categoria<\/strong><\/p>\n<p style=\"text-align: center;\">(Tour a Sintra privado) Fomos pegos em Lisboa.\u00a0 Sua van \u00e9 nova e limpa, com bancos de couro e ar condicionado. Beta \u00e9 uma guia tur\u00edstica experiente e levou-nos a Sintra a uma pastelaria, ao Pal\u00e1cio da Pena, na costa, a Cascais para o almo\u00e7o tardio e sorvete. Ela at\u00e9 nos levou a uma pastelaria em Sintra<\/p>\n<div class=\"testimonial_slider_meta\">\n<h6>hungrytotravelandeat <\/h6>\n<p>&#8211;<\/p>\n<div class=\"testimonial_slider_meta_company\">Acton, Massachusetts<\/div>\n<\/div>\n<\/div>\n<\/li>\n<\/ul>\n<\/div>\n<\/div>\n<\/div>\n<\/div>\n","protected":false},"excerpt":{"rendered":"<p>Tours Privados em Portugal Tours privados em Portugal Escala Em Lisboa Sintra, Cascais e Cabo Roca Tour a F\u00e1tima, Batalha, Nazar\u00e9, \u00d3bidos Conhe\u00e7a Lisboa Sintra e Lisboa para Navios de Cruzeiro Maravilhas de Sintra Vinho e Pal\u00e1cio de Mafra Sinta F\u00e1tima! Seja En\u00f3logo Por Um Dia [&hellip;]<\/p>\n","protected":false},"author":1,"featured_media":0,"parent":0,"menu_order":0,"comment_status":"open","ping_status":"closed","template":"page_f.php","meta":[],"_links":{"self":[{"href":"https:\/\/www.toptentours.eu\/pt-pt\/wp-json\/wp\/v2\/pages\/4373"}],"collection":[{"href":"https:\/\/www.toptentours.eu\/pt-pt\/wp-json\/wp\/v2\/pages"}],"about":[{"href":"https:\/\/www.toptentours.eu\/pt-pt\/wp-json\/wp\/v2\/types\/page"}],"author":[{"embeddable":true,"href":"https:\/\/www.toptentours.eu\/pt-pt\/wp-json\/wp\/v2\/users\/1"}],"replies":[{"embeddable":true,"href":"https:\/\/www.toptentours.eu\/pt-pt\/wp-json\/wp\/v2\/comments?post=4373"}],"version-history":[{"count":14,"href":"https:\/\/www.toptentours.eu\/pt-pt\/wp-json\/wp\/v2\/pages\/4373\/revisions"}],"predecessor-version":[{"id":6033,"href":"https:\/\/www.toptentours.eu\/pt-pt\/wp-json\/wp\/v2\/pages\/4373\/revisions\/6033"}],"wp:attachment":[{"href":"https:\/\/www.toptentours.eu\/pt-pt\/wp-json\/wp\/v2\/media?parent=4373"}],"curies":[{"name":"wp","href":"https:\/\/api.w.org\/{rel}","templated":true}]}}