{"id":4402,"date":"2021-04-09T20:28:37","date_gmt":"2021-04-09T20:28:37","guid":{"rendered":"https:\/\/www.toptentours.eu\/?page_id=4402"},"modified":"2021-04-29T22:36:42","modified_gmt":"2021-04-29T22:36:42","slug":"tours-desde-lisboa","status":"publish","type":"page","link":"https:\/\/www.toptentours.eu\/pt-pt\/tours-desde-lisboa\/","title":{"rendered":"Tours Desde Lisboa"},"content":{"rendered":"<div class=\"one withsmallpadding \" >\n<div class=\"page_content_wrapper\"><\/div>\n<\/div>\n<div class=\"ppb_tour one withpadding \" >\n<div class=\"page_content_wrapper \" style=\"text-align:center\">\n<h2 class=\"ppb_title\">Tours Desde Lisboa<\/h2>\n<p><\/p>\n<div class=\"portfolio_filter_wrapper three_cols shortcode gallery section content clearfix\">\n<div class=\"element portfolio3filter_wrapper\">\n<div class=\"one_third gallery3 filterable gallery_type animated1\"><a href=\"https:\/\/www.toptentours.eu\/tours\/escala-em-lisboa\/?lang=pt-pt\"><img src=\"https:\/\/www.toptentours.eu\/wp-content\/uploads\/2020\/09\/three-girls-taking-pictures-of-lisbon_bg-min-560x460.jpeg\" alt=\"\" \/><\/p>\n<div class=\"thumb_content  \">\n<div class=\"thumb_title\">\n<h3>Escala Em Lisboa<\/h3>\n<\/p><\/div>\n<div class=\"thumb_meta\"><\/div>\n<\/div>\n<p><\/a><\/div>\n<\/div>\n<div class=\"element portfolio3filter_wrapper\">\n<div class=\"one_third gallery3 filterable gallery_type animated2\"><a href=\"https:\/\/www.toptentours.eu\/tours\/sintra-cascais-e-cabo-roca\/?lang=pt-pt\"><img src=\"https:\/\/www.toptentours.eu\/wp-content\/uploads\/2020\/09\/product-tour-of-sintra-cascais-cabo-roca-560x460.jpeg\" alt=\"\" \/><\/p>\n<div class=\"thumb_content  \">\n<div class=\"thumb_title\">\n<h3>Sintra, Cascais e Cabo Roca<\/h3>\n<\/p><\/div>\n<div class=\"thumb_meta\"><\/div>\n<\/div>\n<p><\/a><\/div>\n<\/div>\n<div class=\"element portfolio3filter_wrapper\">\n<div class=\"one_third gallery3 filterable gallery_type animated3\"><a href=\"https:\/\/www.toptentours.eu\/tours\/tour-a-fatima-batalha-nazare-obidos\/?lang=pt-pt\"><img src=\"https:\/\/www.toptentours.eu\/wp-content\/uploads\/2021\/02\/Cover-fatima-batalha-obidos-nazare-tour-min-560x460.jpg\" alt=\"\" \/><\/p>\n<div class=\"thumb_content  \">\n<div class=\"thumb_title\">\n<h3>Tour a F\u00e1tima, Batalha, Nazar\u00e9, \u00d3bidos<\/h3>\n<\/p><\/div>\n<div class=\"thumb_meta\"><\/div>\n<\/div>\n<p><\/a><\/div>\n<\/div>\n<div class=\"element portfolio3filter_wrapper\">\n<div class=\"one_third gallery3 filterable gallery_type animated4\"><a href=\"https:\/\/www.toptentours.eu\/tours\/conheca-lisboa\/?lang=pt-pt\"><img src=\"https:\/\/www.toptentours.eu\/wp-content\/uploads\/2021\/03\/lisbon-atmosphere-cover-min-560x460.jpg\" alt=\"A man taking a picture to a window\" \/><\/p>\n<div class=\"thumb_content  \">\n<div class=\"thumb_title\">\n<h3>Conhe\u00e7a Lisboa<\/h3>\n<\/p><\/div>\n<div class=\"thumb_meta\"><\/div>\n<\/div>\n<p><\/a><\/div>\n<\/div>\n<div class=\"element portfolio3filter_wrapper\">\n<div class=\"one_third gallery3 filterable gallery_type animated5\"><a href=\"https:\/\/www.toptentours.eu\/tours\/sintra-e-lisboa-para-navios-de-cruzeiro\/?lang=pt-pt\"><img src=\"https:\/\/www.toptentours.eu\/wp-content\/uploads\/2021\/03\/Cruise-ship-docked-in-lisbon-cover-min-560x460.jpeg\" alt=\"Houses near the tiver\" \/><\/p>\n<div class=\"thumb_content  \">\n<div class=\"thumb_title\">\n<h3>Sintra e Lisboa para Navios de Cruzeiro<\/h3>\n<\/p><\/div>\n<div class=\"thumb_meta\"><\/div>\n<\/div>\n<p><\/a><\/div>\n<\/div>\n<div class=\"element portfolio3filter_wrapper\">\n<div class=\"one_third gallery3 filterable gallery_type animated6\"><a href=\"https:\/\/www.toptentours.eu\/tours\/maravilhas-de-sintra\/?lang=pt-pt\"><img src=\"https:\/\/www.toptentours.eu\/wp-content\/uploads\/2021\/03\/wonders-of-sintra-cover-min-560x460.jpg\" alt=\"\" \/><\/p>\n<div class=\"thumb_content  \">\n<div class=\"thumb_title\">\n<h3>Maravilhas de Sintra<\/h3>\n<\/p><\/div>\n<div class=\"thumb_meta\"><\/div>\n<\/div>\n<p><\/a><\/div>\n<\/div>\n<div class=\"element portfolio3filter_wrapper\">\n<div class=\"one_third gallery3 filterable gallery_type animated7\"><a href=\"https:\/\/www.toptentours.eu\/tours\/vinho-e-palacio-de-mafra\/?lang=pt-pt\"><img src=\"https:\/\/www.toptentours.eu\/wp-content\/uploads\/2020\/10\/Wine-tasting-and-Mafra-Royal-Palace-tour-min-560x460.jpg\" alt=\"\" \/><\/p>\n<div class=\"thumb_content  \">\n<div class=\"thumb_title\">\n<h3>Vinho e Pal\u00e1cio de Mafra<\/h3>\n<\/p><\/div>\n<div class=\"thumb_meta\"><\/div>\n<\/div>\n<p><\/a><\/div>\n<\/div>\n<div class=\"element portfolio3filter_wrapper\">\n<div class=\"one_third gallery3 filterable gallery_type animated8\"><a href=\"https:\/\/www.toptentours.eu\/tours\/sinta-fatima\/?lang=pt-pt\"><img src=\"https:\/\/www.toptentours.eu\/wp-content\/uploads\/2020\/09\/fatima-3886468_1920-min-560x460.jpg\" alt=\"fatima shrine side panoramic\" \/><\/p>\n<div class=\"thumb_content  \">\n<div class=\"thumb_title\">\n<h3>Sinta F\u00e1tima!<\/h3>\n<\/p><\/div>\n<div class=\"thumb_meta\"><\/div>\n<\/div>\n<p><\/a><\/div>\n<\/div>\n<div class=\"element portfolio3filter_wrapper\">\n<div class=\"one_third gallery3 filterable gallery_type animated9\"><a href=\"https:\/\/www.toptentours.eu\/tours\/seja-enologo-por-um-dia\/?lang=pt-pt\"><img src=\"https:\/\/www.toptentours.eu\/wp-content\/uploads\/2021\/03\/be-a-winemaker-for-a-day-cover-min-560x460.jpg\" alt=\"table set to with empty wine glasses\" \/><\/p>\n<div class=\"thumb_content  \">\n<div class=\"thumb_title\">\n<h3>Seja En\u00f3logo Por Um Dia<\/h3>\n<\/p><\/div>\n<div class=\"thumb_meta\"><\/div>\n<\/div>\n<p><\/a><\/div>\n<\/div>\n<div class=\"element portfolio3filter_wrapper\">\n<div class=\"one_third gallery3 filterable gallery_type animated10\"><a href=\"https:\/\/www.toptentours.eu\/tours\/azulejos-e-vinho-portugueses\/?lang=pt-pt\"><img src=\"https:\/\/www.toptentours.eu\/wp-content\/uploads\/2021\/03\/tiles-and-wine-experience-cover-min-560x460.jpg\" alt=\"\" \/><\/p>\n<div class=\"thumb_content  \">\n<div class=\"thumb_title\">\n<h3>Azulejos e Vinho Portugueses<\/h3>\n<\/p><\/div>\n<div class=\"thumb_meta\"><\/div>\n<\/div>\n<p><\/a><\/div>\n<\/div>\n<div class=\"element portfolio3filter_wrapper\">\n<div class=\"one_third gallery3 filterable gallery_type animated11\"><a href=\"https:\/\/www.toptentours.eu\/tours\/magnificas-evora-e-monsaraz\/?lang=pt-pt\"><img src=\"https:\/\/www.toptentours.eu\/wp-content\/uploads\/2021\/02\/evora-5234387_1920-560x460.jpg\" alt=\"\" \/><\/p>\n<div class=\"thumb_content  \">\n<div class=\"thumb_title\">\n<h3>Magnificas \u00c9vora e Monsaraz<\/h3>\n<\/p><\/div>\n<div class=\"thumb_meta\"><\/div>\n<\/div>\n<p><\/a><\/div>\n<\/div>\n<div class=\"element portfolio3filter_wrapper\">\n<div class=\"one_third gallery3 filterable gallery_type animated12\"><a href=\"https:\/\/www.toptentours.eu\/tours\/tour-de-lisboa-e-por-do-sol-em-veleiro\/?lang=pt-pt\"><img src=\"https:\/\/www.toptentours.eu\/wp-content\/uploads\/2021\/02\/cover-lisbon-tour-and-sunset-sailing-min-560x460.jpg\" alt=\"\" \/><\/p>\n<div class=\"thumb_content  \">\n<div class=\"thumb_title\">\n<h3>Tour de Lisboa e P\u00f4r do Sol em Veleiro<\/h3>\n<\/p><\/div>\n<div class=\"thumb_meta\"><\/div>\n<\/div>\n<p><\/a><\/div>\n<\/div>\n<div class=\"element portfolio3filter_wrapper\">\n<div class=\"one_third gallery3 filterable gallery_type animated13\"><a href=\"https:\/\/www.toptentours.eu\/tours\/tours-por-medida-em-portugal\/?lang=pt-pt\"><img src=\"https:\/\/www.toptentours.eu\/wp-content\/uploads\/2021\/03\/custom-private-tours-portugal-cover-560x460.jpeg\" alt=\"Brigde over a calm river\" \/><\/p>\n<div class=\"thumb_content  \">\n<div class=\"thumb_title\">\n<h3>Tours Por Medida em Portugal<\/h3>\n<\/p><\/div>\n<div class=\"thumb_meta\"><\/div>\n<\/div>\n<p><\/a><\/div>\n<\/div>\n<\/div>\n<\/div>\n<\/div>\n<div class=\"one withsmallpadding \" >\n<div class=\"page_content_wrapper\">\n<p>\u00a0<\/p>\n<\/div>\n<\/div>\n","protected":false},"excerpt":{"rendered":"<p>Tours Desde Lisboa Escala Em Lisboa Sintra, Cascais e Cabo Roca Tour a F\u00e1tima, Batalha, Nazar\u00e9, \u00d3bidos Conhe\u00e7a Lisboa Sintra e Lisboa para Navios de Cruzeiro Maravilhas de Sintra Vinho e Pal\u00e1cio de Mafra Sinta F\u00e1tima! Seja En\u00f3logo Por Um Dia Azulejos e Vinho Portugueses Magnificas [&hellip;]<\/p>\n","protected":false},"author":1,"featured_media":3509,"parent":0,"menu_order":0,"comment_status":"open","ping_status":"closed","template":"page_f.php","meta":[],"_links":{"self":[{"href":"https:\/\/www.toptentours.eu\/pt-pt\/wp-json\/wp\/v2\/pages\/4402"}],"collection":[{"href":"https:\/\/www.toptentours.eu\/pt-pt\/wp-json\/wp\/v2\/pages"}],"about":[{"href":"https:\/\/www.toptentours.eu\/pt-pt\/wp-json\/wp\/v2\/types\/page"}],"author":[{"embeddable":true,"href":"https:\/\/www.toptentours.eu\/pt-pt\/wp-json\/wp\/v2\/users\/1"}],"replies":[{"embeddable":true,"href":"https:\/\/www.toptentours.eu\/pt-pt\/wp-json\/wp\/v2\/comments?post=4402"}],"version-history":[{"count":0,"href":"https:\/\/www.toptentours.eu\/pt-pt\/wp-json\/wp\/v2\/pages\/4402\/revisions"}],"wp:featuredmedia":[{"embeddable":true,"href":"https:\/\/www.toptentours.eu\/pt-pt\/wp-json\/wp\/v2\/media\/3509"}],"wp:attachment":[{"href":"https:\/\/www.toptentours.eu\/pt-pt\/wp-json\/wp\/v2\/media?parent=4402"}],"curies":[{"name":"wp","href":"https:\/\/api.w.org\/{rel}","templated":true}]}}