{"id":4449,"date":"2021-04-12T12:02:35","date_gmt":"2021-04-12T12:02:35","guid":{"rendered":"https:\/\/www.toptentours.eu\/?page_id=4449"},"modified":"2023-11-03T19:42:28","modified_gmt":"2023-11-03T19:42:28","slug":"nossa-historia","status":"publish","type":"page","link":"https:\/\/www.toptentours.eu\/pt-pt\/nossa-historia\/","title":{"rendered":"Nossa Hist\u00f3ria"},"content":{"rendered":"<div class=\"one withsmallpadding withbg \" style=\"background-image:url(https:\/\/www.toptentours.eu\/wp-content\/uploads\/2021\/04\/Ours-story-tours-in-Portugal-bg-min-e1620835226350.jpg);background-size:cover;\" >\n<div class=\"page_content_wrapper\">\n<p><\/br><br \/>\n\u00a0<\/br><br \/>\n\u00a0<\/br><\/p>\n<h1 style=\"text-align: center;\"><span style=\"color:#c4ae6a ;\">NOSSA HIST\u00d3RIA<\/span><\/h1>\n<p>\u00a0<\/br><br \/>\n\u00a0<\/br><br \/>\n<\/br><\/p>\n<\/div>\n<\/div>\n<div class=\"one withsmallpadding \" >\n<div class=\"page_content_wrapper\">\n<p style=\"text-align: justify;\">Motivados por nossa paix\u00e3o por viajar, nossa hist\u00f3ria come\u00e7ou em dezembro de 2000, quando trabalh\u00e1vamos como agentes de viagens. Durante muitos anos, dedicamo-nos aos clientes portugueses, organizando viagens ao estrangeiro, criando mem\u00f3rias e realizando sonhos.<\/p>\n<p style=\"text-align: justify;\">Em 2008, a crise econ\u00f4mica colocou enormes desafios, mas ao mesmo tempo deu origem a novas oportunidades. Reconhecendo potencial tur\u00edstico de Portugal e cientes do n\u00famero crescente de voos de liga\u00e7\u00e3o, abra\u00e7\u00e1mos esta nova oportunidade e come\u00e7\u00e1mos a organizar tours para os nossos visitantes em 2010.<\/p>\n<p style=\"text-align: justify;\">Desde ent\u00e3o, o nosso enfoque mudou para os servi\u00e7os de rece\u00e7\u00e3o. Hoje representam 90% de nossas atividades: fornecer tours privados e transfers para viajantes de todo o mundo e ajud\u00e1-los a descobrir um pa\u00eds que tem tanto a oferecer.<\/p>\n<p style=\"text-align: justify;\">2020 com a sua dura realidade nova, fez-nos parar para repensar e nos fez a ser mais criativos. Durante esta pausa, viajamos extensivamente por todo o pa\u00eds, refinando roteiros e adicionando novas experi\u00eancias inesquec\u00edveis para voc\u00ea curtir.<\/p>\n<p style=\"text-align: justify;\">Agora, mais do que nunca, estamos focados na nossa miss\u00e3o: fazer com que se apaixone por Portugal.<\/p>\n<\/div>\n<\/div>\n<div class=\"one withsmallpadding \" >\n<div class=\"page_content_wrapper\">\n<p><img loading=\"lazy\" class=\"alignnone wp-image-4190 size-full\" src=\"https:\/\/www.toptentours.eu\/wp-content\/uploads\/2021\/04\/Ours-story-tours-in-Portugal-Staff-min.jpg\" alt=\"\" width=\"1920\" height=\"1333\" \/><\/p>\n<\/div>\n<\/div>\n<div class=\"one withsmallpadding \" >\n<div class=\"page_content_wrapper\">\n<p><span style=\"color: #a69256;\"><\/p>\n<div style=\"text-align:center\">\n<h2 class=\"ppb_title\">Porqu\u00ea N\u00f3s?<\/h2>\n<div class=\"page_caption_desc\"><\/div>\n<\/div>\n<p><\/span><\/p>\n<div class=\"one_third\">\n<h5 style=\"text-align: center;\"><img loading=\"lazy\" class=\"aligncenter wp-image-3544\" src=\"https:\/\/www.toptentours.eu\/wp-content\/uploads\/2021\/03\/shopping-groceries.png\" alt=\"\" width=\"80\" height=\"80\" \/><br \/>\nOPERADOR TUR\u00cdSTICO<\/h5>\n<p style=\"text-align: justify;\">N\u00e3o h\u00e1 nenhum intermedi\u00e1rio na transa\u00e7\u00e3o entre voc\u00ea e n\u00f3s, significa que voc\u00ea <strong>economiza dinheiro<\/strong>.<\/p>\n<p style=\"text-align: justify;\">Quando voc\u00ea reserva connosco, voc\u00ea est\u00e1 lidando com pessoas reais, uma empresa de grande reputa\u00e7\u00e3o e infraestrutura.  As ag\u00eancias de viagens online (OTA) s\u00e3o meros revendedores de outros fornecedores, cobrando comiss\u00f5es em torno de 30% por seus servi\u00e7os. Voc\u00ea est\u00e1 reservando diretamente com os fornecedores de servi\u00e7os.\n<\/p>\n<\/div>\n<\/h6>\n<div class=\"one_third\">\n<h5 style=\"text-align: center;\"><img loading=\"lazy\" class=\"aligncenter wp-image-3545\" src=\"https:\/\/www.toptentours.eu\/wp-content\/uploads\/2021\/03\/laurel.png\" alt=\"\" width=\"80\" height=\"80\" \/><br \/>\nSERVI\u00c7O<\/h5>\n<p style=\"text-align: justify;\">Temos 10 anos de experi\u00eancia no planejamento, organiza\u00e7\u00e3o e fornecimento de passeios e traslados privados. Por sermos viajantes experientes, entendemos que os momentos das f\u00e9rias devem ser muito especiais. e que os detalhes importam.\n<\/p>\n<p style=\"text-align: justify;\">A reputa\u00e7\u00e3o que constru\u00edmos para a nossa empresa mostra-nos que estamos no caminho certo.<\/p>\n<p style=\"text-align: justify;\">Nossa equipe \u00e9 composta por profissionais nativos, experientes e apaixonados que ir\u00e3o ajud\u00e1-lo a entender a cultura portuguese e regional com um toque pessoal. Colocamos tudo dentro do contexto, sem discurso enlatado, conhecendo ps os habitantes locais e ajudando os pequenos neg\u00f3cios.<\/p>\n<\/div>\n<div class=\"one_third last\">\n<h5 style=\"text-align: center;\"><img loading=\"lazy\" class=\"aligncenter wp-image-3539\" src=\"https:\/\/www.toptentours.eu\/wp-content\/uploads\/2021\/03\/high-value.png\" alt=\"\" width=\"80\" height=\"80\" \/><br \/>\nATENDIMENTO AO CLIENTE<\/h5>\n<p style=\"text-align: justify;\">Nossa equipe \u00e9 composta por profissionais nativos, experientes e apaixonados que ir\u00e3o ajud\u00e1-lo a entender a cultura portuguese e regional com um toque pessoal. Colocamos tudo dentro do contexto, sem discurso enlatado, conhecendo ps os habitantes locais e ajudando os pequenos neg\u00f3cios.<\/p>\n<\/div>\n<\/div>\n<\/div>\n<div class=\"one withsmallpadding \" >\n<div class=\"page_content_wrapper\">\n<div class=\"one_fourth\">\n<div class=\"animate_counter_wrapper\"><i class=\"far fa-laugh-beam\"><\/i><\/p>\n<div id=\"1699040548635431589\" class=\"odometer\" style=\"font-size:44px;line-height:44px;\">2,500<\/div>\n<div class=\"count_separator\"><span><\/span><\/div>\n<div class=\"counter_subject\">Clientes Felizes<\/div>\n<\/div>\n<\/div>\n<div class=\"one_fourth\">\n<div class=\"animate_counter_wrapper\"><i class=\"fas fa-camera\"><\/i><\/p>\n<div id=\"1699040548506244976\" class=\"odometer\" style=\"font-size:44px;line-height:44px;\">300<\/div>\n<div class=\"count_separator\"><span><\/span><\/div>\n<div class=\"counter_subject\">Tours Incr\u00edveis<\/div>\n<\/div>\n<\/div>\n<div class=\"one_fourth\">\n<div class=\"animate_counter_wrapper\"><i class=\"fas fa-road\"><\/i><\/p>\n<div id=\"1699040548484068999\" class=\"odometer\" style=\"font-size:44px;line-height:44px;\">45,000<\/div>\n<div class=\"count_separator\"><span><\/span><\/div>\n<div class=\"counter_subject\">Quil\u00f4metros Viajados<\/div>\n<\/div>\n<\/div>\n<div class=\"one_fourth last\">\n<div class=\"animate_counter_wrapper\"><i class=\"fas fa-mail-bulk\"><\/i><\/p>\n<div id=\"1699040548769258556\" class=\"odometer\" style=\"font-size:44px;line-height:44px;\">6,000<\/div>\n<div class=\"count_separator\"><span><\/span><\/div>\n<div class=\"counter_subject\">Emails<\/div>\n<\/div>\n<\/div>\n<\/div>\n<\/div>\n","protected":false},"excerpt":{"rendered":"<p>\u00a0 \u00a0 NOSSA HIST\u00d3RIA \u00a0 \u00a0 Motivados por nossa paix\u00e3o por viajar, nossa hist\u00f3ria come\u00e7ou em dezembro de 2000, quando trabalh\u00e1vamos como agentes de viagens. Durante muitos anos, dedicamo-nos aos clientes portugueses, organizando viagens ao estrangeiro, criando mem\u00f3rias e realizando sonhos. Em 2008, a crise econ\u00f4mica [&hellip;]<\/p>\n","protected":false},"author":1,"featured_media":0,"parent":0,"menu_order":0,"comment_status":"open","ping_status":"closed","template":"page_f.php","meta":[],"_links":{"self":[{"href":"https:\/\/www.toptentours.eu\/pt-pt\/wp-json\/wp\/v2\/pages\/4449"}],"collection":[{"href":"https:\/\/www.toptentours.eu\/pt-pt\/wp-json\/wp\/v2\/pages"}],"about":[{"href":"https:\/\/www.toptentours.eu\/pt-pt\/wp-json\/wp\/v2\/types\/page"}],"author":[{"embeddable":true,"href":"https:\/\/www.toptentours.eu\/pt-pt\/wp-json\/wp\/v2\/users\/1"}],"replies":[{"embeddable":true,"href":"https:\/\/www.toptentours.eu\/pt-pt\/wp-json\/wp\/v2\/comments?post=4449"}],"version-history":[{"count":9,"href":"https:\/\/www.toptentours.eu\/pt-pt\/wp-json\/wp\/v2\/pages\/4449\/revisions"}],"predecessor-version":[{"id":6068,"href":"https:\/\/www.toptentours.eu\/pt-pt\/wp-json\/wp\/v2\/pages\/4449\/revisions\/6068"}],"wp:attachment":[{"href":"https:\/\/www.toptentours.eu\/pt-pt\/wp-json\/wp\/v2\/media?parent=4449"}],"curies":[{"name":"wp","href":"https:\/\/api.w.org\/{rel}","templated":true}]}}