{"id":4455,"date":"2021-04-13T08:36:52","date_gmt":"2021-04-13T08:36:52","guid":{"rendered":"https:\/\/www.toptentours.eu\/?page_id=4455"},"modified":"2024-02-21T18:03:47","modified_gmt":"2024-02-21T18:03:47","slug":"transfers-privados","status":"publish","type":"page","link":"https:\/\/www.toptentours.eu\/pt-pt\/transfers-privados\/","title":{"rendered":"Lisboa Transfers Privados"},"content":{"rendered":"<div class=\"one withsmallpadding withbg fullwidth \" style=\"background-image:url(https:\/\/www.toptentours.eu\/wp-content\/uploads\/2021\/04\/van-for-transfers-in-lisbon-min.jpg);background-size:cover;\" >\n<div class=\"page_content_wrapper\">\n<p><\/br><br \/>\n\u00a0<\/br><br \/>\n\u00a0<\/br><\/p>\n<h1 style=\"text-align: center;\"><span style=\"color: #ffffff;\">TRANSFERES PRIVADOS LISBOA<\/span><\/h1>\n<p>\u00a0<\/br><br \/>\n\u00a0<\/br><br \/>\n<\/br><\/p>\n<\/div>\n<\/div>\n<div class=\"one withsmallpadding \" >\n<div class=\"page_content_wrapper\">\n<p style=\"text-align: justify;\">Se procura traslado passeios por Portugal e tranferes privados em Lisboa &#8211; chegada ou partida &#8211; est\u00e1 no lugar certo. A TopTenTours tem carros e Vanetes Mercedes e Onibus de luxo com ar condicionado. Nossos transfers e passeios s\u00e3o privados. Se necessita de traslado para sua chegada ao aeroporto de Lisboa, saiba que nossos motoristas esperam por voc\u00ea dentro do aeroporto. <\/p>\n<p style=\"text-align: justify;\">Para transfers em de e para Lisboa de grupos grandes nos contate para obter um or\u00e7amento poder\u00e1 enviar email ou WhatsApp.<\/p>\n<p> <\/br><\/p>\n<div class=\"pp_accordion_close\">\n<h3><a href=\"#\">O que esperar <\/a><\/h3>\n<div>\n<ul>\n<li>Encontro com motorista dentro do aeroporto<\/li>\n<li>Traslado direto, sem paradas<\/li>\n<li>Pre\u00e7o final, sem custos escondidos<\/li>\n<li>Cadeira de crian\u00e7a gr\u00e1tis<\/li>\n<\/ul>\n<p style=\"text-align: justify;\">Ap\u00f3s reserva, voc\u00ea receber\u00e1 detalhes relacionados com:<\/p>\n<ul>\n<li>Localiza\u00e7\u00e3o exata do ponto de encontro<\/li>\n<li>N\u00famero de telefone do motorista passado com anteced\u00eancia<\/li>\n<\/ul>\n<\/div>\n<\/div>\n<p><!--\n\n\n\n\n\n<p style=\"text-align: center;\">[tg_button href=\"<a href=\"https:\/\/www.toptentours.eu\/pt\/contactos\/\">https:\/\/www.toptentours.eu\/contactos\/<\/a>\" bg_color=\"#8E44AD\" text_color=\"#ffffff\"]VEJA TRANSFERES AQUI[\/tg_button]<\/p>\n\n\n\n\n\n--><\/p>\n<p style=\"text-align: center;\"><a class=\"button small \" style=\"background-color:#8E44AD !important;color:#ffffff !important;border:1px solid #8E44AD !important;\" href=\"https:\/\/fareharbor.com\/embeds\/book\/toptentours\/?full-items=yes&#038;flow=583023&#038;language=pt\">VEJA TRANSFERES AQUI<\/a><\/p>\n<\/div>\n<\/div>\n<div class=\"one withsmallpadding \" >\n<div class=\"page_content_wrapper\"><\/div>\n<\/div>\n","protected":false},"excerpt":{"rendered":"<p>\u00a0 \u00a0 TRANSFERES PRIVADOS LISBOA \u00a0 \u00a0 Se procura traslado passeios por Portugal e tranferes privados em Lisboa &#8211; chegada ou partida &#8211; est\u00e1 no lugar certo. A TopTenTours tem carros e Vanetes Mercedes e Onibus de luxo com ar condicionado. Nossos transfers e passeios s\u00e3o [&hellip;]<\/p>\n","protected":false},"author":1,"featured_media":0,"parent":0,"menu_order":0,"comment_status":"open","ping_status":"closed","template":"page_f.php","meta":[],"_links":{"self":[{"href":"https:\/\/www.toptentours.eu\/pt-pt\/wp-json\/wp\/v2\/pages\/4455"}],"collection":[{"href":"https:\/\/www.toptentours.eu\/pt-pt\/wp-json\/wp\/v2\/pages"}],"about":[{"href":"https:\/\/www.toptentours.eu\/pt-pt\/wp-json\/wp\/v2\/types\/page"}],"author":[{"embeddable":true,"href":"https:\/\/www.toptentours.eu\/pt-pt\/wp-json\/wp\/v2\/users\/1"}],"replies":[{"embeddable":true,"href":"https:\/\/www.toptentours.eu\/pt-pt\/wp-json\/wp\/v2\/comments?post=4455"}],"version-history":[{"count":2,"href":"https:\/\/www.toptentours.eu\/pt-pt\/wp-json\/wp\/v2\/pages\/4455\/revisions"}],"predecessor-version":[{"id":6142,"href":"https:\/\/www.toptentours.eu\/pt-pt\/wp-json\/wp\/v2\/pages\/4455\/revisions\/6142"}],"wp:attachment":[{"href":"https:\/\/www.toptentours.eu\/pt-pt\/wp-json\/wp\/v2\/media?parent=4455"}],"curies":[{"name":"wp","href":"https:\/\/api.w.org\/{rel}","templated":true}]}}