{"id":4460,"date":"2021-04-13T08:41:24","date_gmt":"2021-04-13T08:41:24","guid":{"rendered":"https:\/\/www.toptentours.eu\/?page_id=4460"},"modified":"2021-08-11T22:49:18","modified_gmt":"2021-08-11T22:49:18","slug":"contactos","status":"publish","type":"page","link":"https:\/\/www.toptentours.eu\/pt-pt\/contactos\/","title":{"rendered":"Contatos"},"content":{"rendered":"<div class=\"one_half \">\n<p><img class=\"alignnone size-full wp-image-3704\" src=\"https:\/\/www.toptentours.eu\/wp-content\/uploads\/2020\/11\/address.png\" alt=\"\" width=\"32\" height=\"32\" \/><\/p>\n<p>Rua Vasco Santana n\u00ba11. 2o. Esq.<br \/>\n2725-179 Mem Martins, Lisboa<br \/>\nPortugal<\/p>\n<p>&nbsp;<\/p>\n<p><img class=\"alignnone size-full wp-image-3703\" src=\"https:\/\/www.toptentours.eu\/wp-content\/uploads\/2020\/11\/phone-call.png\" alt=\"\" width=\"32\" height=\"32\" \/><\/p>\n<p>(+351) 962 527 770<br \/>\n(+351) 219 204 703<\/p>\n<p>&nbsp;<\/p>\n<p><img class=\"alignnone size-full wp-image-3702\" src=\"https:\/\/www.toptentours.eu\/wp-content\/uploads\/2020\/11\/email.png\" alt=\"\" width=\"32\" height=\"32\" \/><\/p>\n<p>lisbon at toptentours.eu<br \/>\nlisbon.toptentours at gmail.com\n<\/p><\/div>\n<div class=\"one_half last \">\n<h4>Entre em contacto connosco<\/h4>\n<div role=\"form\" class=\"wpcf7\" id=\"wpcf7-f4462-o1\" lang=\"pt-PT\" dir=\"ltr\">\n<div class=\"screen-reader-response\"><p role=\"status\" aria-live=\"polite\" aria-atomic=\"true\"><\/p> <ul><\/ul><\/div>\n<form action=\"\/pt-pt\/wp-json\/wp\/v2\/pages\/4460#wpcf7-f4462-o1\" method=\"post\" class=\"wpcf7-form init\" novalidate=\"novalidate\" data-status=\"init\">\n<div style=\"display: none;\">\n<input type=\"hidden\" name=\"_wpcf7\" value=\"4462\" \/>\n<input type=\"hidden\" name=\"_wpcf7_version\" value=\"5.5.6.1\" \/>\n<input type=\"hidden\" name=\"_wpcf7_locale\" value=\"pt_PT\" \/>\n<input type=\"hidden\" name=\"_wpcf7_unit_tag\" value=\"wpcf7-f4462-o1\" \/>\n<input type=\"hidden\" name=\"_wpcf7_container_post\" value=\"0\" \/>\n<input type=\"hidden\" name=\"_wpcf7_posted_data_hash\" value=\"\" \/>\n<\/div>\n<div class=\"row\">\n<div class=\"col-md-4\">\n    <span class=\"wpcf7-form-control-wrap your-name\"><input type=\"text\" name=\"your-name\" value=\"\" size=\"40\" class=\"wpcf7-form-control wpcf7-text wpcf7-validates-as-required\" aria-required=\"true\" aria-invalid=\"false\" placeholder=\"Nome*\" \/><\/span>\n  <\/div>\n<div class=\"col-md-4\">\n    <span class=\"wpcf7-form-control-wrap your-email\"><input type=\"email\" name=\"your-email\" value=\"\" size=\"40\" class=\"wpcf7-form-control wpcf7-text wpcf7-email wpcf7-validates-as-required wpcf7-validates-as-email\" aria-required=\"true\" aria-invalid=\"false\" placeholder=\"Email*\" \/><\/span>\n  <\/div>\n<div class=\"col-md-4\">\n    <span class=\"wpcf7-form-control-wrap your-phone\"><input type=\"text\" name=\"your-phone\" value=\"\" size=\"40\" class=\"wpcf7-form-control wpcf7-text wpcf7-validates-as-required\" aria-required=\"true\" aria-invalid=\"false\" placeholder=\"Telefone*\" \/><\/span>\n  <\/div>\n<div class=\"col-md-12\">\n    <span class=\"wpcf7-form-control-wrap your-subject\"><input type=\"text\" name=\"your-subject\" value=\"\" size=\"40\" class=\"wpcf7-form-control wpcf7-text\" aria-invalid=\"false\" placeholder=\"Assunto\" \/><\/span>\n  <\/div>\n<div class=\"col-md-12\">\n    <span class=\"wpcf7-form-control-wrap your-message\"><textarea name=\"your-message\" cols=\"40\" rows=\"10\" class=\"wpcf7-form-control wpcf7-textarea\" aria-invalid=\"false\" placeholder=\"Mensagem*\"><\/textarea><\/span>\n  <\/div>\n<div class=\"col-md-12\">\n    <span class=\"wpcf7-form-control-wrap acceptance-938\"><span class=\"wpcf7-form-control wpcf7-acceptance\"><span class=\"wpcf7-list-item\"><label><input type=\"checkbox\" name=\"acceptance-938\" value=\"1\" aria-invalid=\"false\" \/><span class=\"wpcf7-list-item-label\">Eu concordo e que as informa\u00e7\u00f5es fornecidas atrav\u00e9s deste site sejam armazenadas e processadas com o prop\u00f3sito de informa\u00e7\u00e3o sobre produtos e servi\u00e7os. Consulte a nossa Pol\u00edtica de Privacidade.<\/span><\/label><\/span><\/span><\/span><\/p>\n<p><input type=\"submit\" value=\"ENVIAR\" class=\"wpcf7-form-control has-spinner wpcf7-submit\" \/>\n  <\/p><\/div>\n<\/div>\n<div class=\"wpcf7-response-output\" aria-hidden=\"true\"><\/div><\/form><\/div><\/div>\n<p>&nbsp;<\/p>\n<div id=\"attachment_5468\" style=\"width: 359px\" class=\"wp-caption alignnone\"><img aria-describedby=\"caption-attachment-5468\" class=\" wp-image-5468\" src=\"https:\/\/www.toptentours.eu\/wp-content\/uploads\/2021\/07\/Tours-in-portugal-location-map-300x232.png\" alt=\"Map Tours in Portugal\" width=\"349\" height=\"270\" srcset=\"https:\/\/www.toptentours.eu\/wp-content\/uploads\/2021\/07\/Tours-in-portugal-location-map-300x232.png 300w, https:\/\/www.toptentours.eu\/wp-content\/uploads\/2021\/07\/Tours-in-portugal-location-map-440x340.png 440w, https:\/\/www.toptentours.eu\/wp-content\/uploads\/2021\/07\/Tours-in-portugal-location-map.png 525w\" sizes=\"(max-width: 349px) 100vw, 349px\" \/><p id=\"caption-attachment-5468\" class=\"wp-caption-text\">Location Map TopTenTours<\/p><\/div>\n","protected":false},"excerpt":{"rendered":"<p>&nbsp;<\/p>\n","protected":false},"author":1,"featured_media":3712,"parent":0,"menu_order":0,"comment_status":"open","ping_status":"closed","template":"","meta":[],"_links":{"self":[{"href":"https:\/\/www.toptentours.eu\/pt-pt\/wp-json\/wp\/v2\/pages\/4460"}],"collection":[{"href":"https:\/\/www.toptentours.eu\/pt-pt\/wp-json\/wp\/v2\/pages"}],"about":[{"href":"https:\/\/www.toptentours.eu\/pt-pt\/wp-json\/wp\/v2\/types\/page"}],"author":[{"embeddable":true,"href":"https:\/\/www.toptentours.eu\/pt-pt\/wp-json\/wp\/v2\/users\/1"}],"replies":[{"embeddable":true,"href":"https:\/\/www.toptentours.eu\/pt-pt\/wp-json\/wp\/v2\/comments?post=4460"}],"version-history":[{"count":0,"href":"https:\/\/www.toptentours.eu\/pt-pt\/wp-json\/wp\/v2\/pages\/4460\/revisions"}],"wp:featuredmedia":[{"embeddable":true,"href":"https:\/\/www.toptentours.eu\/pt-pt\/wp-json\/wp\/v2\/media\/3712"}],"wp:attachment":[{"href":"https:\/\/www.toptentours.eu\/pt-pt\/wp-json\/wp\/v2\/media?parent=4460"}],"curies":[{"name":"wp","href":"https:\/\/api.w.org\/{rel}","templated":true}]}}